{"id":359,"date":"2017-01-25T05:51:36","date_gmt":"2017-01-25T05:51:36","guid":{"rendered":"http:\/\/motors.stylemixthemes.com\/?page_id=359"},"modified":"2025-08-12T08:28:51","modified_gmt":"2025-08-12T08:28:51","slug":"terms","status":"publish","type":"page","link":"https:\/\/banjaluka-rentacar.com\/de\/terms\/","title":{"rendered":"Mietbedingungen"},"content":{"rendered":"<p>[vc_row css=&#8220;.vc_custom_1485323418627{margin-top: 10px !important;margin-bottom: 80px !important;}&#8220;][vc_column][vc_custom_heading text=&#8220;MIETBEDINGUNGEN&#8220; font_container=&#8220;tag:h2|font_size:26|text_align:left|line_height:34px&#8220; use_theme_fonts=&#8220;yes&#8220;][vc_custom_heading text=&#8220;1. Allgemeine Bedingungen:&#8220; font_container=&#8220;tag:h4|font_size:16|text_align:left|line_height:24px&#8220; use_theme_fonts=&#8220;yes&#8220;][vc_column_text]Das Fahrzeug wurde vermietet, als ein Vertrag zwischen Malfix Rent a Car und dem Mieter unterzeichnet wurde. Die Person, die das Fahrzeug mietet, muss mindestens 21 Jahre alt sein und \u00fcber 2 Jahre Fahrpraxis verf\u00fcgen. Beim Abholen des Fahrzeugs muss der Kunde einen g\u00fcltigen F\u00fchrerschein und einen Personalausweis (oder Reisepass) vorlegen. Bu\u00dfgelder und zus\u00e4tzliche Verwaltungsstrafen, die aus Verst\u00f6\u00dfen gegen Verkehrsgesetze w\u00e4hrend der Mietdauer resultieren, gehen ausschlie\u00dflich zu Lasten des MIETERS. Das gemietete Fahrzeug darf nur f\u00fcr private Zwecke genutzt und nicht an Dritte vermietet oder verliehen werden. Das Fahrzeug darf nicht mit Passagieren oder Gegenst\u00e4nden \u00fcber das zul\u00e4ssige H\u00f6chstgewicht hinaus beladen werden. F\u00fcr die Ausreise aus dem Land ist eine schriftliche Genehmigung von Malfix Rent a Car erforderlich, um die Grenze zu \u00fcberqueren.[\/vc_column_text][vc_custom_heading text=&#8220;2. Mietdauer:&#8220; font_container=&#8220;tag:h4|font_size:16|text_align:left|line_height:24px&#8220; use_theme_fonts=&#8220;yes&#8220;][vc_column_text]Die Mindestmietdauer betr\u00e4gt einen Tag (24 Stunden). Am Ende der Mietdauer gew\u00e4hrt Malfix Rent a Car eine zus\u00e4tzliche Kulanzzeit von 60 Minuten (1 Stunde) f\u00fcr die R\u00fcckgabe des Fahrzeugs nach der vereinbarten Zeit, die nicht berechnet wird. Nach 60 Minuten (1 Stunde) endet die Kulanzzeit, und dem Mieter wird ein weiterer voller Tag in Rechnung gestellt. Der Mieter darf den R\u00fcckgabeort und\/oder die Mietdauer des Fahrzeugs nur mit Zustimmung von Malfix Rent a Car \u00e4ndern.[\/vc_column_text][vc_custom_heading text=&#8220;3. Der Mietpreis:&#8220; font_container=&#8220;tag:h4|font_size:16|text_align:left|line_height:24px&#8220; use_theme_fonts=&#8220;yes&#8220;][vc_column_text]Der Mietpreis beinhaltet keine Kraftstoffkosten und keine Vollkaskoversicherung (kann optional eingeschlossen werden).[\/vc_column_text][vc_custom_heading text=&#8220;4. Zahlung:&#8220; font_container=&#8220;tag:h4|font_size:16|text_align:left|line_height:24px&#8220; use_theme_fonts=&#8220;yes&#8220;][vc_column_text]Bank\u00fcberweisung, Barzahlung.[\/vc_column_text][vc_custom_heading text=&#8220;5. Kaution:&#8220; font_container=&#8220;tag:h4|font_size:16|text_align:left|line_height:24px&#8220; use_theme_fonts=&#8220;yes&#8220;][vc_column_text]Eine Kaution ist nicht erforderlich.[\/vc_column_text][vc_custom_heading text=&#8220;6. Haftung gegen\u00fcber Dritten:&#8220; font_container=&#8220;tag:h4|font_size:16|text_align:left|line_height:24px&#8220; use_theme_fonts=&#8220;yes&#8220;][vc_column_text]<\/p>\n<p data-start=\"1875\" data-end=\"2523\">Das gemietete Fahrzeug ist gem\u00e4\u00df den gesetzlichen Bestimmungen gegen Sch\u00e4den gegen\u00fcber Dritten versichert, und die entsprechenden Dokumente befinden sich im Fahrzeug. Im Falle eines Schadens am Mietfahrzeug ist ein Polizeibericht obligatorisch. Im Falle eines Diebstahls des Mietfahrzeugs ist ebenfalls ein Polizeibericht erforderlich. Beim Diebstahlsbericht muss der Nutzer alle Unterlagen (Fahrzeugschein, Mietvertrag usw.) sowie den Originalschl\u00fcssel vorlegen. Die Vollkaskoversicherung deckt keine Sch\u00e4den an Reifen und Felgen, der Lenkung, der \u00d6lwanne, Verlust des Schl\u00fcssels oder Sch\u00e4den am Fahrzeuginnenraum.<\/p>\n<p data-start=\"2525\" data-end=\"2675\">Im Falle eines Schl\u00fcsselverlusts tr\u00e4gt der Kunde die Kosten f\u00fcr die Anfertigung neuer Schl\u00fcssel sowie den Austausch aller Schl\u00f6sser des Mietfahrzeugs.<\/p>\n<p data-start=\"2677\" data-end=\"2719\">Die Vollkaskoversicherung deckt <strong data-start=\"2709\" data-end=\"2718\">nicht<\/strong>:<\/p>\n<ul data-start=\"2720\" data-end=\"3055\">\n<li data-start=\"2720\" data-end=\"2863\">\n<p data-start=\"2722\" data-end=\"2863\">Sch\u00e4den, wenn das Fahrzeug von einer Person gefahren wurde, die im Mietvertrag mit Malfix Rent a Car d.o.o. nicht als Fahrer autorisiert ist;<\/p>\n<\/li>\n<li data-start=\"2864\" data-end=\"3055\">\n<p data-start=\"2866\" data-end=\"3055\">Sch\u00e4den durch grobe Verkehrsverst\u00f6\u00dfe (r\u00fccksichtsloses Fahren), \u00dcberfahren roter Ampeln, \u00dcberqueren von durchgezogenen Linien, \u00dcberholen im Tunnel, Fahren unter Alkohol- oder Drogeneinfluss.<\/p>\n<\/li>\n<\/ul>\n<p data-start=\"3057\" data-end=\"3206\">Der Kunde verpflichtet sich, alle eventuell anfallenden Kosten im Zusammenhang mit der Nichteinhaltung der oben genannten Bestimmungen zu \u00fcbernehmen.<\/p>\n<p>[\/vc_column_text][vc_custom_heading text=&#8220;HINWEIS:&#8220; font_container=&#8220;tag:h4|font_size:16|text_align:left|line_height:24px&#8220; use_theme_fonts=&#8220;yes&#8220;][vc_column_text]<\/p>\n<ul>\n<li data-start=\"727\" data-end=\"781\">\n<p data-start=\"729\" data-end=\"781\"><strong>Die Versicherung gilt nur mit einem Polizeibericht<\/strong><\/p>\n<\/li>\n<li data-start=\"782\" data-end=\"851\">\n<p data-start=\"784\" data-end=\"851\"><strong>Die Versicherung deckt keine Sch\u00e4den an Reifen und an der \u00d6lwanne<\/strong><\/p>\n<\/li>\n<li data-start=\"852\" data-end=\"965\">\n<p data-start=\"854\" data-end=\"965\"><strong>Die Versicherung ist ung\u00fcltig, wenn das Fahrzeug von einer im Vertrag nicht angegebenen Person gefahren wurde<\/strong><\/p>\n<\/li>\n<li data-start=\"966\" data-end=\"1072\">\n<p data-start=\"968\" data-end=\"1072\"><strong>Die Versicherung ist ung\u00fcltig, wenn das Fahrzeug unter Einfluss von Alkohol oder Drogen gefahren wurde<\/strong><\/p>\n<\/li>\n<li data-start=\"1073\" data-end=\"1129\">\n<p data-start=\"1075\" data-end=\"1129\"><strong>Im Streitfall ist das zust\u00e4ndige Gericht in Banja Luka<\/strong><\/p>\n<\/li>\n<\/ul>\n<p>[\/vc_column_text][\/vc_column][\/vc_row]<\/p>","protected":false},"excerpt":{"rendered":"<p>[vc_row css=&#8220;.vc_custom_1485323418627{margin-top: 10px !important;margin-bottom: 80px !important;}&#8220;][vc_column][vc_custom_heading text=&#8220;MIETBEDINGUNGEN&#8220; font_container=&#8220;tag:h2|font_size:26|text_align:left|line_height:34px&#8220; use_theme_fonts=&#8220;yes&#8220;][vc_custom_heading text=&#8220;1. Allgemeine Bedingungen:&#8220; font_container=&#8220;tag:h4|font_size:16|text_align:left|line_height:24px&#8220; use_theme_fonts=&#8220;yes&#8220;][vc_column_text]Das Fahrzeug wurde vermietet, als ein Vertrag zwischen Malfix Rent a Car und dem Mieter unterzeichnet wurde. Die Person, die das Fahrzeug mietet, muss mindestens 21 Jahre alt sein und \u00fcber 2 Jahre Fahrpraxis verf\u00fcgen. Beim Abholen des Fahrzeugs muss der Kunde&#8230;<\/p>\n","protected":false},"author":5,"featured_media":0,"parent":0,"menu_order":0,"comment_status":"closed","ping_status":"closed","template":"","meta":{"footnotes":""},"class_list":["post-359","page","type-page","status-publish","hentry"],"_links":{"self":[{"href":"https:\/\/banjaluka-rentacar.com\/de\/wp-json\/wp\/v2\/pages\/359","targetHints":{"allow":["GET"]}}],"collection":[{"href":"https:\/\/banjaluka-rentacar.com\/de\/wp-json\/wp\/v2\/pages"}],"about":[{"href":"https:\/\/banjaluka-rentacar.com\/de\/wp-json\/wp\/v2\/types\/page"}],"author":[{"embeddable":true,"href":"https:\/\/banjaluka-rentacar.com\/de\/wp-json\/wp\/v2\/users\/5"}],"replies":[{"embeddable":true,"href":"https:\/\/banjaluka-rentacar.com\/de\/wp-json\/wp\/v2\/comments?post=359"}],"version-history":[{"count":16,"href":"https:\/\/banjaluka-rentacar.com\/de\/wp-json\/wp\/v2\/pages\/359\/revisions"}],"predecessor-version":[{"id":635,"href":"https:\/\/banjaluka-rentacar.com\/de\/wp-json\/wp\/v2\/pages\/359\/revisions\/635"}],"wp:attachment":[{"href":"https:\/\/banjaluka-rentacar.com\/de\/wp-json\/wp\/v2\/media?parent=359"}],"curies":[{"name":"wp","href":"https:\/\/api.w.org\/{rel}","templated":true}]}}