{"id":405,"date":"2017-01-26T10:40:04","date_gmt":"2017-01-26T10:40:04","guid":{"rendered":"http:\/\/motors.stylemixthemes.com\/?page_id=405"},"modified":"2025-08-08T09:27:06","modified_gmt":"2025-08-08T09:27:06","slug":"about-us","status":"publish","type":"page","link":"https:\/\/banjaluka-rentacar.com\/de\/about-us\/","title":{"rendered":"\u00dcber uns"},"content":{"rendered":"<p>[vc_row css=&#8220;.vc_custom_1485428309292{margin-top: 60px !important;margin-bottom: 51px !important;}&#8220;][vc_column width=&#8220;1\/2&#8243; el_class=&#8220;stm-col-pad-right&#8220;][vc_single_image image=&#8220;2387&#8243; img_size=&#8220;full&#8220; stm_fancybox=&#8220;yes&#8220; css=&#8220;.vc_custom_1753865192834{margin-bottom: 35px !important;}&#8220;][vc_column_text]<\/p>\n<p class=\"txteditP\"><strong>Telefon\/WhatsApp:<\/strong><br \/>\n+387 <a href=\"tel:+387 65 888 787\">65 888 787<\/a><\/p>\n<p class=\"txteditP\"><strong>Adresse:<\/strong><br \/>\nKralja Nikole 12, 78000 Banja Luka<\/p>\n<p><strong>Usere Arbeitszeiten<\/strong><strong>:<\/strong><br \/>\nMontag &#8211; Sonntag 08-23h<\/p>\n<p class=\"txteditP\">Sie k\u00f6nnen uns auch per E-Mail kontaktieren:<\/p>\n<p><a href=\"mailto:info@banjaluka-rentacar.com\">info@banjaluka-rentacar.com<\/a><\/p>\n<p class=\"txteditP\">Bestm\u00f6gliche Bedingungen f\u00fcr die Anmietung eines Autos in Banja Luka. Gro\u00dfe Auswahl an Pkw f\u00fcr maximalen Fahrkomfort.Ihr zuverl\u00e4ssiger Partner, wenn Sie ein Auto mieten m\u00f6chten.<\/p>\n<p>[\/vc_column_text][\/vc_column][vc_column width=&#8220;1\/2&#8243; el_class=&#8220;stm-col-pad-left&#8220;][vc_column_text]<\/p>\n<h2><strong>BANJA LUKA RENT A CAR<\/strong><\/h2>\n<h3>Zuverl\u00e4ssiger und g\u00fcnstiger Service 24\/7<\/h3>\n<p>Wenn Sie einen Mietwagen in Banja Luka ben\u00f6tigen, sind Sie bei uns genau richtig. Unsere Agentur bietet Ihnen bequeme, sichere und technisch einwandfreie Fahrzeuge, die bereit sind, all Ihre Bed\u00fcrfnisse zu erf\u00fcllen \u2013 egal, ob Sie gesch\u00e4ftlich, touristisch oder privat unterwegs sind. Ohne Kaution, ohne Komplikationen. Mieten Sie einen PKW oder ein Fahrzeug mit Fahrer. Wir bieten schnelle Online-Buchungen, ebenso telefonisch oder per WhatsApp, sowie Abholung vor Ort oder am Flughafen. Langzeitmieten bringen zus\u00e4tzliche Rabatte. Reservieren Sie noch heute und genie\u00dfen Sie eine zuverl\u00e4ssige Fahrt in ganz Banja Luka!<\/p>\n<h3><strong>Flexibler Fahrzeugauswahl nach Ihren Bed\u00fcrfnissen<\/strong><\/h3>\n<p>Unser vielf\u00e4ltiger Fuhrpark steht Ihnen zur Verf\u00fcgung und ist auf verschiedene Reisearten angepasst:<\/p>\n<ul>\n<li><strong>Personenkraftwagen<\/strong> \u2013 ideal f\u00fcr den t\u00e4glichen Gebrauch, Stadtfahrten, Ausfl\u00fcge und l\u00e4ngere Reisen.<\/li>\n<li><strong>Fahrzeuge mit Fahrer<\/strong> \u2013 wenn Sie zus\u00e4tzlichen Komfort und einen professionellen Service ohne Fahrstress w\u00fcnschen.<\/li>\n<\/ul>\n<p>Unsere Fahrzeuge werden regelm\u00e4\u00dfig gewartet und sind sauber, mit kompletter Ausstattung und ordnungsgem\u00e4\u00dfer Dokumentation. Besonderen Wert legen wir auf Sicherheit und Komfort, damit Sie sich w\u00e4hrend der gesamten Mietdauer wohlf\u00fchlen. Alle Fahrzeuge verf\u00fcgen \u00fcber die Grundausstattung. Gegen Aufpreis bieten wir Kindersitze, Skitr\u00e4ger und weiteres Zubeh\u00f6r f\u00fcr eine sichere und komfortable Fahrt an.<\/p>\n<h3><strong>Autovermietung ohne Komplikationen<\/strong><\/h3>\n<p>Der Mietprozess ist schnell, einfach und ohne versteckte Kosten. Sie k\u00f6nnen Ihr Fahrzeug bequem im Voraus online, telefonisch oder per WhatsApp (gleiche Nummer) reservieren, und wir k\u00fcmmern uns um den Rest.<\/p>\n<p>\u2714Abholung und R\u00fcckgabe des Fahrzeugs an vereinbarter Stelle<br \/>\n\u2714M\u00f6glichkeit der Fahrzeuglieferung zum Flughafen Banja Luka<br \/>\n\u2714Flexible Bedingungen und transparente Preise<\/p>\n<h3><strong>Ohne Kaution \u2013 mehr Freiheit f\u00fcr Sie<\/strong><\/h3>\n<p>Wir bieten eine Mietoption ohne Kaution an, damit Sie Ihr Fahrzeug schneller und unkomplizierter \u00fcbernehmen k\u00f6nnen, ohne zus\u00e4tzliche finanzielle Belastungen.<\/p>\n<h3><strong>Ideal f\u00fcr alle Kundentypen<\/strong><\/h3>\n<p>Egal, ob Sie Gesch\u00e4ftsreisender, Tourist, Familie mit Kindern oder Abenteurer sind, der die Natur entdecken m\u00f6chte \u2013 unser Mietwagenservice in Banja Luka hat das passende Fahrzeug f\u00fcr Sie.<\/p>\n<p>Unsere Fahrzeuge sind perfekt geeignet f\u00fcr:<\/p>\n<ul>\n<li>Transfer zum und vom Flughafen<\/li>\n<li>Kurzzeit- und Langzeitmieten<\/li>\n<li>Gesch\u00e4ftstreffen und Konferenzen<\/li>\n<li>Wochenendreisen und l\u00e4ngere Touren<\/li>\n<\/ul>\n<h3><strong>Langzeitmiete und Rabatte<\/strong><\/h3>\n<p>Planen Sie einen l\u00e4ngeren Aufenthalt in Banja Luka? Wir bieten spezielle Rabatte f\u00fcr Monatsmieten. Je l\u00e4nger Sie mieten, desto g\u00fcnstiger wird der Preis!<\/p>\n<p>Kontaktieren Sie uns, damit wir Ihnen ein Angebot ma\u00dfgeschneidert auf Ihre Bed\u00fcrfnisse erstellen k\u00f6nnen.<\/p>\n<h3><strong>Support und zus\u00e4tzliche Dienstleistungen<\/strong><\/h3>\n<p>Unser Kundenservice steht Ihnen t\u00e4glich von 8 bis 23 Uhr zur Verf\u00fcgung \u2013 per E-Mail <a href=\"mailto:info@banjaluka-rentacar.com\">info@banjaluka-rentacar.com<\/a>, telefonisch unter +387 65 888 787 oder per WhatsApp (gleiche Nummer). Vor, w\u00e4hrend und nach der Miete helfen wir Ihnen bei der Fahrzeugwahl, erkl\u00e4ren die Bedingungen, geben Empfehlungen f\u00fcr Routen und Unterk\u00fcnfte. Im Notfall sind wir f\u00fcr Sie erreichbar und bieten schnelle Hilfe an. Falls wir aufgrund hoher Auslastung nicht sofort antworten k\u00f6nnen, hinterlassen Sie eine Nachricht, wir melden uns so schnell wie m\u00f6glich.<\/p>\n<p>Zus\u00e4tzlich bieten wir Mietoptionen mit zus\u00e4tzlicher Versicherung, weiteren Fahrern und Vertr\u00e4gen f\u00fcr Firmenkunden und Gesch\u00e4ftspartner an.<\/p>\n<h3><strong>Warum uns w\u00e4hlen?<\/strong><\/h3>\n<ul>\n<li>Professioneller und freundlicher Service<\/li>\n<li>Moderne und zuverl\u00e4ssige Fahrzeuge, beste Preise<\/li>\n<li>Buchung m\u00f6glich online, telefonisch und per WhatsApp<\/li>\n<li>Erreichbarkeit t\u00e4glich von 8 bis 23 Uhr<\/li>\n<li><strong data-start=\"0\" data-end=\"36\" data-is-last-node=\"\" data-is-only-node=\"\"><a href=\"https:\/\/banjaluka-rentacar.com\/de\/date-reservation\/\">Online-Reservierung ohne Kaution<\/a> <\/strong>und Fahrzeugflotte 24\/7 einsehbar<\/li>\n<li>Schnelle Reservierung ohne Kaution und Papierkram<\/li>\n<li>Erfahrung und Vertrauen von Kunden aus dem In- und Ausland<\/li>\n<\/ul>\n<h3><strong>Reservieren Sie jetzt Ihr Fahrzeug<\/strong><\/h3>\n<p>Verlieren Sie keine Zeit bei der Suche \u2013 buchen Sie Ihr Auto online und genie\u00dfen Sie eine sorgenfreie Fahrt durch Banja Luka und die Region. Unsere Autovermietung garantiert Ihnen h\u00f6chste Servicequalit\u00e4t, wettbewerbsf\u00e4hige Preise und Flexibilit\u00e4t.<\/p>\n<p><strong>Banja Luka Rent a Car \u2013 Sicherheit, Schnelligkeit und Zuverl\u00e4ssigkeit an einem Ort!<\/strong>[\/vc_column_text][\/vc_column][\/vc_row]<\/p>","protected":false},"excerpt":{"rendered":"<p>[vc_row css=&#8220;.vc_custom_1485428309292{margin-top: 60px !important;margin-bottom: 51px !important;}&#8220;][vc_column width=&#8220;1\/2&#8243; el_class=&#8220;stm-col-pad-right&#8220;][vc_single_image image=&#8220;2387&#8243; img_size=&#8220;full&#8220; stm_fancybox=&#8220;yes&#8220; css=&#8220;.vc_custom_1753865192834{margin-bottom: 35px !important;}&#8220;][vc_column_text] Telefon\/WhatsApp: +387 65 888 787 Adresse: Kralja Nikole 12, 78000 Banja Luka Usere Arbeitszeiten: Montag &#8211; Sonntag 08-23h Sie k\u00f6nnen uns auch per E-Mail kontaktieren: info@banjaluka-rentacar.com Bestm\u00f6gliche Bedingungen f\u00fcr die Anmietung eines Autos in Banja Luka. Gro\u00dfe Auswahl an Pkw f\u00fcr&#8230;<\/p>\n","protected":false},"author":5,"featured_media":0,"parent":0,"menu_order":0,"comment_status":"closed","ping_status":"closed","template":"","meta":{"footnotes":""},"class_list":["post-405","page","type-page","status-publish","hentry"],"_links":{"self":[{"href":"https:\/\/banjaluka-rentacar.com\/de\/wp-json\/wp\/v2\/pages\/405","targetHints":{"allow":["GET"]}}],"collection":[{"href":"https:\/\/banjaluka-rentacar.com\/de\/wp-json\/wp\/v2\/pages"}],"about":[{"href":"https:\/\/banjaluka-rentacar.com\/de\/wp-json\/wp\/v2\/types\/page"}],"author":[{"embeddable":true,"href":"https:\/\/banjaluka-rentacar.com\/de\/wp-json\/wp\/v2\/users\/5"}],"replies":[{"embeddable":true,"href":"https:\/\/banjaluka-rentacar.com\/de\/wp-json\/wp\/v2\/comments?post=405"}],"version-history":[{"count":75,"href":"https:\/\/banjaluka-rentacar.com\/de\/wp-json\/wp\/v2\/pages\/405\/revisions"}],"predecessor-version":[{"id":2467,"href":"https:\/\/banjaluka-rentacar.com\/de\/wp-json\/wp\/v2\/pages\/405\/revisions\/2467"}],"wp:attachment":[{"href":"https:\/\/banjaluka-rentacar.com\/de\/wp-json\/wp\/v2\/media?parent=405"}],"curies":[{"name":"wp","href":"https:\/\/api.w.org\/{rel}","templated":true}]}}