{"id":200,"date":"2017-01-16T11:44:34","date_gmt":"2017-01-16T11:44:34","guid":{"rendered":"http:\/\/motors.stylemixthemes.com\/?post_type=product&#038;p=200"},"modified":"2025-07-30T13:23:51","modified_gmt":"2025-07-30T13:23:51","slug":"nosac-za-skije","status":"publish","type":"product","link":"https:\/\/banjaluka-rentacar.com\/de\/proizvod\/nosac-za-skije\/","title":{"rendered":"Skitr\u00e4ger"},"content":{"rendered":"","protected":false},"excerpt":{"rendered":"<p>Sie k\u00f6nnen in Form von Magneten, die am Dach des Autos haften, die M\u00f6glichkeit haben, zwei Paar Ski zu transportieren. Der einzige Nachteil dieser Tr\u00e4ger ist die empfohlene Geschwindigkeit von 130 km \/ h. Skitr\u00e4ger, die an bereits vorhandenen Autotr\u00e4gern montiert werden k\u00f6nnen, k\u00f6nnen f\u00fcr 1,3 oder 5 Paar Ski verwendet werden. Sie k\u00f6nnen auch Snowboards tragen.<\/p>\n","protected":false},"featured_media":686,"template":"","meta":[],"product_brand":[],"product_cat":[15],"product_tag":[],"class_list":{"0":"post-200","1":"product","2":"type-product","3":"status-publish","4":"has-post-thumbnail","6":"product_cat-uncategorized","8":"first","9":"instock","10":"shipping-taxable","11":"purchasable","12":"product-type-car_option"},"_links":{"self":[{"href":"https:\/\/banjaluka-rentacar.com\/de\/wp-json\/wp\/v2\/product\/200","targetHints":{"allow":["GET"]}}],"collection":[{"href":"https:\/\/banjaluka-rentacar.com\/de\/wp-json\/wp\/v2\/product"}],"about":[{"href":"https:\/\/banjaluka-rentacar.com\/de\/wp-json\/wp\/v2\/types\/product"}],"wp:featuredmedia":[{"embeddable":true,"href":"https:\/\/banjaluka-rentacar.com\/de\/wp-json\/wp\/v2\/media\/686"}],"wp:attachment":[{"href":"https:\/\/banjaluka-rentacar.com\/de\/wp-json\/wp\/v2\/media?parent=200"}],"wp:term":[{"taxonomy":"product_brand","embeddable":true,"href":"https:\/\/banjaluka-rentacar.com\/de\/wp-json\/wp\/v2\/product_brand?post=200"},{"taxonomy":"product_cat","embeddable":true,"href":"https:\/\/banjaluka-rentacar.com\/de\/wp-json\/wp\/v2\/product_cat?post=200"},{"taxonomy":"product_tag","embeddable":true,"href":"https:\/\/banjaluka-rentacar.com\/de\/wp-json\/wp\/v2\/product_tag?post=200"}],"curies":[{"name":"wp","href":"https:\/\/api.w.org\/{rel}","templated":true}]}}